{"id":3,"date":"2019-03-14T11:13:11","date_gmt":"2019-03-14T10:13:11","guid":{"rendered":"http:\/\/www.faktura-online.net\/?page_id=3"},"modified":"2019-03-14T14:58:04","modified_gmt":"2019-03-14T13:58:04","slug":"datenschutzerklaerung","status":"publish","type":"page","link":"https:\/\/www.faktura-small-business.de\/index.php\/datenschutzerklaerung\/","title":{"rendered":"Datenschutzerkl\u00e4rung"},"content":{"rendered":"\n<p><strong>Geltungsbereich<\/strong><br>Diese  Datenschutzerkl\u00e4rung soll die Nutzer dieser Website gem\u00e4\u00df  Bundesdatenschutzgesetz und Telemediengesetz \u00fcber die Art, den Umfang  und den Zweck der Erhebung und Verwendung personenbezogener Daten durch  den Websitebetreiber Mack GmbH informieren.<br><br>Der Websitebetreiber  nimmt Ihren Datenschutz sehr ernst und behandelt Ihre personenbezogenen  Daten vertraulich und entsprechend der gesetzlichen Vorschriften.<br><br>Bedenken  Sie, dass die Daten\u00fcbertragung im Internet grunds\u00e4tzlich mit  Sicherheitsl\u00fccken bedacht sein kann. Ein vollumf\u00e4nglicher Schutz vor dem  Zugriff durch Fremde ist nicht realisierbar.<br><br><strong>Zugriffsdaten<br><\/strong><br>Der  Websitebetreiber bzw. Seitenprovider erhebt Daten \u00fcber Zugriffe auf die  Seite und speichert diese als \u201eServer-Logfiles\u201c ab. Folgende Daten  werden so protokolliert:<br><br>&nbsp;&nbsp;&nbsp; \u2022&nbsp;&nbsp; &nbsp;Besuchte Website<br>&nbsp;&nbsp;&nbsp; \u2022&nbsp;&nbsp; &nbsp;Uhrzeit zum Zeitpunkt des Zugriffes<br>&nbsp;&nbsp;&nbsp; \u2022&nbsp;&nbsp; &nbsp;Menge der gesendeten Daten in Byte<br>&nbsp;&nbsp;&nbsp; \u2022&nbsp;&nbsp; &nbsp;Quelle\/Verweis, von welchem Sie auf die Seite gelangten<br>&nbsp;&nbsp;&nbsp; \u2022&nbsp;&nbsp; &nbsp;Verwendeter Browser<br>&nbsp;&nbsp;&nbsp; \u2022&nbsp;&nbsp; &nbsp;Verwendetes Betriebssystem<br>&nbsp;&nbsp;&nbsp; \u2022&nbsp;&nbsp; &nbsp;Verwendete IP-Adresse<br><br>Die  erhobenen Daten dienen lediglich statistischen Auswertungen und zur  Verbesserung der Website. Der Websitebetreiber beh\u00e4lt sich allerdings  vor, die Server-Logfiles nachtr\u00e4glich zu \u00fcberpr\u00fcfen, sollten konkrete  Anhaltspunkte auf eine rechtswidrige Nutzung hinweisen.<\/p>\n\n\n\n<p><strong>Cookies<br><\/strong><br>Diese Website verwendet Cookies. \nDabei handelt es sich um kleine Textdateien, welche auf Ihrem Endger\u00e4t \ngespeichert werden. Ihr Browser greift auf diese Dateien zu. Durch den \nEinsatz von Cookies erh\u00f6ht sich die Benutzerfreundlichkeit und \nSicherheit dieser Website.<br><br>G\u00e4ngige Browser bieten die \nEinstellungsoption, Cookies nicht zuzulassen. Hinweis: Es ist nicht \ngew\u00e4hrleistet, dass Sie auf alle Funktionen dieser Website ohne \nEinschr\u00e4nkungen zugreifen k\u00f6nnen, wenn Sie entsprechende Einstellungen \nvornehmen.<\/p>\n\n\n\n<p><strong>Umgang mit personenbezogenen Daten<br><\/strong><br>Der \nWebsitebetreiber erhebt, nutzt und gibt Ihre personenbezogenen Daten nur\n dann weiter, wenn dies im gesetzlichen Rahmen erlaubt ist oder Sie in \ndie Datenerhebung einwilligen.<br><br>Als personenbezogene Daten gelten \ns\u00e4mtliche Informationen, welche dazu dienen, Ihre Person zu bestimmen \nund welche zu Ihnen zur\u00fcckverfolgt werden k\u00f6nnen \u2013 also beispielsweise \nIhr Name, Ihre E-Mail-Adresse und Telefonnummer.<\/p>\n\n\n\n<p><strong>Umgang mit Kontaktdaten<\/strong><br>Nehmen\n Sie mit dem Websitebetreiber durch die angebotenen Kontaktm\u00f6glichkeiten\n Verbindung auf, werden Ihre Angaben gespeichert, damit auf diese zur \nBearbeitung und Beantwortung Ihrer Anfrage zur\u00fcckgegriffen werden kann. \nOhne Ihre Einwilligung werden diese Daten nicht an Dritte weitergegeben.<\/p>\n\n\n\n<p><strong>Umgang mit Kommentaren und Beitr\u00e4gen<br><\/strong><br>Hinterlassen  Sie auf dieser Website einen Beitrag oder Kommentar, wird Ihre  IP-Adresse gespeichert. Dies dient der Sicherheit des Websitebetreibers:  Verst\u00f6\u00dft Ihr Text gegen das Recht, m\u00f6chte er Ihre Identit\u00e4t  nachverfolgen k\u00f6nnen.<\/p>\n\n\n\n<p><strong>Abonnements<br><\/strong><br>Sie haben die M\u00f6glichkeit, sowohl  die gesamte Website als auch Nachfolgekommentare auf Ihren Beitrag zu  abonnieren. Sie erhalten eine E-Mail zur Best\u00e4tigung Ihrer  E-Mail-Adresse. Neben dieser werden keine weiteren Daten erhoben. Die  gespeicherten Daten werden nicht an Dritte weitergereicht. Sie k\u00f6nnen  ein Abonnement jederzeit abbestellen.<\/p>\n\n\n\n<p><strong>Google Analytics<br><\/strong><br>Diese Website nutzt den  Dienst \u201eGoogle Analytics\u201c, welcher von der Google Inc. (1600  Amphitheatre Parkway Mountain View, CA 94043, USA) angeboten wird, zur  Analyse der Websitebenutzung durch Nutzer. Der Dienst verwendet  \u201eCookies\u201c \u2013 Textdateien, welche auf Ihrem Endger\u00e4t gespeichert werden.  Die durch die Cookies gesammelten Informationen werden im Regelfall an  einen Google-Server in den USA gesandt und dort gespeichert.<br><br>Auf  dieser Website greift die IP-Anonymisierung. Die IP-Adresse der Nutzer  wird innerhalb der Mitgliedsstaaten der EU und des Europ\u00e4ischen  Wirtschaftsraum gek\u00fcrzt. Durch diese K\u00fcrzung entf\u00e4llt der Personenbezug  Ihrer IP-Adresse. Im Rahmen der Vereinbarung zur  Auftragsdatenvereinbarung, welche die Websitebetreiber mit der Google  Inc. geschlossen haben, erstellt diese mithilfe der gesammelten  Informationen eine Auswertung der Websitenutzung und der  Websiteaktivit\u00e4t und erbringt mit der Internetnutzung verbundene  Dienstleistungen.<br><br>Sie haben die M\u00f6glichkeit, die Speicherung des  Cookies auf Ihrem Ger\u00e4t zu verhindern, indem Sie in Ihrem Browser  entsprechende Einstellungen vornehmen. Es ist nicht gew\u00e4hrleistet, dass  Sie auf alle Funktionen dieser Website ohne Einschr\u00e4nkungen zugreifen  k\u00f6nnen, wenn Ihr Browser keine Cookies zul\u00e4sst.<br><br>Weiterhin k\u00f6nnen  Sie durch ein Browser-Plugin verhindern, dass die durch Cookies  gesammelten Informationen (inklusive Ihrer IP-Adresse) an die Google  Inc. gesendet und von der Google Inc. genutzt werden. Folgender Link  f\u00fchrt Sie zu dem entsprechenden Plugin: <a href=\"https:\/\/tools.google.com\/dlpage\/gaoptout?hl=de\">https:\/\/tools.google.com\/dlpage\/gaoptout?hl=de<\/a>.  Alternativ verhindern Sie mit einem Klick auf diesen Link, dass Google  Analytics innerhalb dieser Website Daten \u00fcber Sie erfasst. Mit dem Klick  auf obigen Link laden Sie ein \u201eOpt-Out-Cookie\u201c herunter. Ihr Browser  muss die Speicherung von Cookies also hierzu grunds\u00e4tzlich erlauben.  L\u00f6schen Sie Ihre Cookies regelm\u00e4\u00dfig, ist ein erneuter Klick auf den Link  bei jedem Besuch dieser Website vonn\u00f6ten.<br><br>Hier finden Sie weitere Informationen zur Datennutzung durch die Google Inc.: <a href=\"https:\/\/support.google.com\/analytics\/answer\/6004245?hl=de\">https:\/\/support.google.com\/analytics\/answer\/6004245?hl=de<\/a><br><br><strong>Newsletter-Abonnement<br><\/strong><br>Der  Websitebetreiber bietet Ihnen einen Newsletter an, in welchem er Sie  \u00fcber aktuelle Geschehnisse und Angebote informiert. M\u00f6chten Sie den  Newsletter abonnieren, m\u00fcssen Sie eine valide E-Mail-Adresse angeben.<br><br><strong>Rechte des Nutzers: Auskunft, Berichtigung und L\u00f6schung<\/strong><br>Sie  als Nutzer erhalten auf Antrag Ihrerseits kostenlose Auskunft dar\u00fcber,  welche personenbezogenen Daten \u00fcber Sie gespeichert wurden. Sofern Ihr  Wunsch nicht mit einer gesetzlichen Pflicht zur Aufbewahrung von Daten  (z. B. Vorratsdatenspeicherung) kollidiert, haben Sie ein Anrecht auf  Berichtigung falscher Daten und auf die Sperrung oder L\u00f6schung Ihrer  personenbezogenen Daten.<\/p>\n","protected":false},"excerpt":{"rendered":"<p>GeltungsbereichDiese Datenschutzerkl\u00e4rung soll die Nutzer dieser Website gem\u00e4\u00df Bundesdatenschutzgesetz und Telemediengesetz \u00fcber die Art, den Umfang und den Zweck der Erhebung und Verwendung personenbezogener Daten durch den Websitebetreiber Mack GmbH informieren. Der Websitebetreiber nimmt Ihren Datenschutz sehr ernst und behandelt Ihre personenbezogenen Daten vertraulich und entsprechend der gesetzlichen Vorschriften. Bedenken Sie, dass die Daten\u00fcbertragung im [&hellip;]<\/p>\n","protected":false},"author":1,"featured_media":0,"parent":0,"menu_order":1,"comment_status":"closed","ping_status":"open","template":"","meta":{"footnotes":""},"class_list":["post-3","page","type-page","status-publish","hentry"],"_links":{"self":[{"href":"https:\/\/www.faktura-small-business.de\/index.php\/wp-json\/wp\/v2\/pages\/3","targetHints":{"allow":["GET"]}}],"collection":[{"href":"https:\/\/www.faktura-small-business.de\/index.php\/wp-json\/wp\/v2\/pages"}],"about":[{"href":"https:\/\/www.faktura-small-business.de\/index.php\/wp-json\/wp\/v2\/types\/page"}],"author":[{"embeddable":true,"href":"https:\/\/www.faktura-small-business.de\/index.php\/wp-json\/wp\/v2\/users\/1"}],"replies":[{"embeddable":true,"href":"https:\/\/www.faktura-small-business.de\/index.php\/wp-json\/wp\/v2\/comments?post=3"}],"version-history":[{"count":2,"href":"https:\/\/www.faktura-small-business.de\/index.php\/wp-json\/wp\/v2\/pages\/3\/revisions"}],"predecessor-version":[{"id":21,"href":"https:\/\/www.faktura-small-business.de\/index.php\/wp-json\/wp\/v2\/pages\/3\/revisions\/21"}],"wp:attachment":[{"href":"https:\/\/www.faktura-small-business.de\/index.php\/wp-json\/wp\/v2\/media?parent=3"}],"curies":[{"name":"wp","href":"https:\/\/api.w.org\/{rel}","templated":true}]}}